{"id":439,"date":"2023-07-17T08:07:46","date_gmt":"2023-07-17T06:07:46","guid":{"rendered":"https:\/\/arel.ro\/ro\/?page_id=439"},"modified":"2026-01-24T20:33:50","modified_gmt":"2026-01-24T18:33:50","slug":"normativ-i7-2011","status":"publish","type":"page","link":"https:\/\/arel.ro\/ro\/normativ-i7-2011\/","title":{"rendered":"I7-2011"},"content":{"rendered":"<p>[et_pb_section fb_built=&#8221;1&#8243; _builder_version=&#8221;4.20.4&#8243; _module_preset=&#8221;default&#8221; global_colors_info=&#8221;{}&#8221;][et_pb_row use_custom_gutter=&#8221;on&#8221; _builder_version=&#8221;4.20.4&#8243; _module_preset=&#8221;default&#8221; global_colors_info=&#8221;{}&#8221;][et_pb_column type=&#8221;4_4&#8243; _builder_version=&#8221;4.20.4&#8243; _module_preset=&#8221;default&#8221; global_colors_info=&#8221;{}&#8221;][et_pb_menu logo=&#8221;https:\/\/arel.ro\/ro\/wp-content\/uploads\/2023\/07\/arel_logo_meniu.png&#8221; logo_url=&#8221;https:\/\/arel.ro\/ro\/&#8221; _builder_version=&#8221;4.21.0&#8243; _module_preset=&#8221;default&#8221; global_colors_info=&#8221;{}&#8221;][\/et_pb_menu][et_pb_divider _builder_version=&#8221;4.20.4&#8243; _module_preset=&#8221;default&#8221; module_alignment=&#8221;center&#8221; global_colors_info=&#8221;{}&#8221;][\/et_pb_divider][et_pb_text _builder_version=&#8221;4.21.0&#8243; _module_preset=&#8221;default&#8221; text_font=&#8221;|800|||||||&#8221; text_text_color=&#8221;#0C71C3&#8243; text_font_size=&#8221;24px&#8221; text_orientation=&#8221;center&#8221; link_option_url=&#8221;https:\/\/arel.ro\/ro\/normativ-i7-2011&#8243; global_colors_info=&#8221;{}&#8221;]<a href=\"#section2\"><\/p>\n<p style=\"text-align: center;\"><strong>Comanda acum online exemplarul tau NORMATIV I7-2011 in format tiparit A4!<\/strong><\/p>\n<p><\/a>[\/et_pb_text][\/et_pb_column][\/et_pb_row][et_pb_row column_structure=&#8221;2_5,3_5&#8243; _builder_version=&#8221;4.27.5&#8243; _module_preset=&#8221;default&#8221; global_colors_info=&#8221;{}&#8221;][et_pb_column type=&#8221;2_5&#8243; _builder_version=&#8221;4.27.5&#8243; _module_preset=&#8221;default&#8221; global_colors_info=&#8221;{}&#8221;][et_pb_image src=&#8221;https:\/\/arel.ro\/ro\/wp-content\/uploads\/2023\/07\/I7-2011.jpg&#8221; title_text=&#8221;I7-2011&#8243; _builder_version=&#8221;4.21.0&#8243; _module_preset=&#8221;default&#8221; global_colors_info=&#8221;{}&#8221;][\/et_pb_image][\/et_pb_column][et_pb_column type=&#8221;3_5&#8243; _builder_version=&#8221;4.27.5&#8243; _module_preset=&#8221;default&#8221; global_colors_info=&#8221;{}&#8221;][et_pb_text _builder_version=&#8221;4.27.5&#8243; _module_preset=&#8221;default&#8221; text_text_color=&#8221;#0C71C3&#8243; text_font_size=&#8221;16px&#8221; hover_enabled=&#8221;0&#8243; global_colors_info=&#8221;{}&#8221; sticky_enabled=&#8221;0&#8243;]<\/p>\n<h3><strong>Asociatia Romana a Electricienilor<\/strong><\/h3>\n<h4><span style=\"color: #000000;\">C.I.F. 23941710 ; Reg. Asoc. si Fundati nr. 22\/08.05.2008 <\/span><\/h4>\n<h4><span style=\"color: #000000;\">Sediu: Bucuresti sect.4, str.Padesu, nr.16, bl.15, sc.A, et.7, ap.29, Of .Pttr. 61, cod 41346 <\/span><\/h4>\n<h4><span style=\"color: #000000;\">Punct de lucru: Centrul Incubator de Afaceri, Bucuresti, sect.4, Sos.Oltenitei, nr 225A. <\/span><\/h4>\n<h4><span style=\"color: #000000;\">Tel:0722622697 \/ 0744544886, Fax :0318170639.<\/span><\/h4>\n<h4>Site : <span style=\"color: #ff0000;\">www.arel.ro<\/span> Mail: <span style=\"color: #ff0000;\">asociatia.electricienilor@gmail.com<\/span><\/h4>\n<pre><span style=\"color: #000000;\"><strong>Normativul pentru proiectarea, execu\u0163ia \u015fi exploatarea instala\u0163iilor electrice aferente cl\u0103dirilor, indicativ I7-2011<\/strong>, aprobat cu Ordinul Ministerului Dezvolt\u0103rii Regionale \u015fi Turismului nr. 2741\/1.11.2011, publicat \u00een Monitorul Oficial nr. 802\/2011. \nNormativul \u00eenlocuie\u015fte urm\u0103toarele reglement\u0103ri: Normativ pentru proiectarea, executia si exploatarea instala\u0163iilor electrice cu tensiuni p\u00e2n\u0103 la 1000V c.a. \u015fi 1500V c.c., indicativ NP 17-2002; Ghid pentru instala\u0163ii electrice cu tensiuni de p\u00e2n\u0103 la 1000V c.a. \u015fi 1500V c.c., indicativ GP 052-2000; \nNormativ privind protec\u0163ia construc\u0163iilor \u00eempotriva tr\u0103snetului, indicativ I20-2000. \nAcest act normativ este de interes pentru speciali\u015ftii \u00een proiectarea construc\u0163iilor \u015fi instala\u0163iilor, deoarece aduce modific\u0103ri importante, comparativ cu reglement\u0103rile anterioare. \nDe aceea Asociatia Romana a Electricienilor vine in intampinarea acestora prin tiparirea intr-un format de exceptie (430 de pagini, tabele si scheme color) la preturi mai mult decat accesibile.<\/span>\n<\/pre>\n<p>[\/et_pb_text][\/et_pb_column][\/et_pb_row][et_pb_row use_custom_gutter=&#8221;on&#8221; _builder_version=&#8221;4.20.4&#8243; _module_preset=&#8221;default&#8221; global_colors_info=&#8221;{}&#8221;][et_pb_column type=&#8221;4_4&#8243; _builder_version=&#8221;4.20.4&#8243; _module_preset=&#8221;default&#8221; global_colors_info=&#8221;{}&#8221;][et_pb_text _builder_version=&#8221;4.27.5&#8243; _module_preset=&#8221;default&#8221; text_text_color=&#8221;#0C71C3&#8243; text_font_size=&#8221;16px&#8221; hover_enabled=&#8221;0&#8243; global_colors_info=&#8221;{}&#8221; sticky_enabled=&#8221;0&#8243;]<\/p>\n<pre>\u00a0<\/pre>\n<pre><span style=\"color: #000000;\"><strong>Normativul pentru proiectarea, execu\u0163ia \u015fi exploatarea instala\u0163iilor electrice aferente cl\u0103dirilor, indicativ I7-2011<\/strong>, aprobat cu Ordinul Ministerului Dezvolt\u0103rii Regionale \u015fi Turismului nr. 2741\/1.11.2011, publicat \u00een Monitorul Oficial nr. 802\/2011.\n\nNormativul \u00eenlocuie\u015fte urm\u0103toarele reglement\u0103ri:\nNormativ pentru proiectarea, executia si exploatarea instala\u0163iilor electrice cu tensiuni p\u00e2n\u0103 la 1000V c.a. \u015fi 1500V c.c., indicativ NP 17-2002; \nGhid pentru instala\u0163ii electrice cu tensiuni de p\u00e2n\u0103 la 1000V c.a. \u015fi 1500V c.c., indicativ GP 052-2000; \nNormativ privind protec\u0163ia construc\u0163iilor \u00eempotriva tr\u0103snetului, indicativ I20-2000.\nAcest act normativ este de interes pentru speciali\u015ftii \u00een proiectarea construc\u0163iilor \u015fi instala\u0163iilor, deoarece aduce modific\u0103ri importante, comparativ cu reglement\u0103rile anterioare. De aceea Asociatia Romana a Electricienilor vine in intampinarea acestora prin tiparirea intr-un format de exceptie (430 de pagini, tabele si scheme color) la preturi mai mult decat accesibile.\n\nAstfel:\n\n1. Membrii AREL, cu cotizatia platita integral pe tot anul 2022 primul exemplar din I7-2011 il pot achizitiona la un pret promotional de 80 lei + 20lei taxe expediere.\n\n2. Alti electricieni si membri AREL incepand cu al doilea exmplar il pot achizitiona la un pret de <strong>130 lei<\/strong> + <strong>20lei<\/strong> taxe expediere.\n\n3. Pentru a intra in posesia Normativului I7 va rugam sa completati formularul de solicitare si sa achitati contravaloarea acestuia utilizand urmatoarele date de plata:\nBeneficiar:\u00a0 \u00a0  <strong>AREL TRAINIG ELECTRO-TERMO-GAZ SRL<\/strong>\u00a0 \u00a0CIF: <strong>45938040<\/strong>, Reg. Com. <strong>J40\/6754\/2022<\/strong>\nBanca:\u00a0 \u00a0 \u00a0 \u00a0  \u00a0ING BANK NV, IBAN <strong>RO04 INGB 0000 9999 1306 4508<\/strong>\nDetalii plata:\u00a0 Normativ I7\u00a0 \/\u00a0 Nume Solicitant (op\u021bional nr. solicitare)\n\n4. Atasati dovada platii.\n\n<span style=\"color: #ff0000;\"><strong>ATENTIE! NU EXPEDIEM NORMATIVUL IN AFARA RO<\/strong><\/span>\n\nDate facturare :\nNume( sau Den. Societate)\nCNP (sau CIF societate)\nReg. com.:\nStrada\nNr.\nBloc\nScara\nEtaj\nJudet\/Sector\nLocalitate\nCod Postal\nTelefon\nBanca\nIBAN\n\n2 . Date adresa expediere\nNume( sau Den. Societate)\nCNP (sau CIF societate)\nReg. com.:\nStrada\nNr.\nBloc\nScara\nEtaj\nJudet\/Sector\nLocalitate\nCod Postal\nTelefon\nBanca\nIBAN\n\n<\/span><\/pre>\n<p><span style=\"color: #000000;\">Impreuna putetem schimba lucruriele in bine, fiecare electrician trebuie sa devina constient ca doar cu o implicare personala puternica poate face acest lucru.<\/span><\/p>\n<p>[\/et_pb_text][et_pb_divider _builder_version=&#8221;4.20.4&#8243; _module_preset=&#8221;default&#8221; module_alignment=&#8221;center&#8221; global_colors_info=&#8221;{}&#8221;][\/et_pb_divider][\/et_pb_column][\/et_pb_row][et_pb_row _builder_version=&#8221;4.21.0&#8243; _module_preset=&#8221;default&#8221; global_colors_info=&#8221;{}&#8221;][et_pb_column type=&#8221;4_4&#8243; _builder_version=&#8221;4.21.0&#8243; _module_preset=&#8221;default&#8221; global_colors_info=&#8221;{}&#8221;][et_pb_text _builder_version=&#8221;4.21.0&#8243; _module_preset=&#8221;default&#8221; text_font=&#8221;|800|||||||&#8221; text_font_size=&#8221;20px&#8221; global_colors_info=&#8221;{}&#8221;]<\/p>\n<h2 id=\"section2\">\n<p style=\"text-align: center;\"><strong>Comanda online pentru Normativ I7-2011<\/strong><\/p>\n<\/h2>\n<p>[\/et_pb_text][et_pb_text _builder_version=&#8221;4.22.1&#8243; _module_preset=&#8221;default&#8221; text_font=&#8221;|800|||||||&#8221; text_font_size=&#8221;20px&#8221; global_colors_info=&#8221;{}&#8221;]<\/p>\n<h5>Trimite online comanda, documentul de plata atasat (format pdf, jpg, bmp sau tiff cu dimensiunea maxima de 3500Kb) si completeaza cimpurile, utilizand formularul de mai jos (* =cimp obligatoriu).<\/h5>\n<p>[\/et_pb_text][\/et_pb_column][\/et_pb_row][et_pb_row _builder_version=&#8221;4.21.0&#8243; _module_preset=&#8221;default&#8221; global_colors_info=&#8221;{}&#8221;][et_pb_column type=&#8221;4_4&#8243; _builder_version=&#8221;4.21.0&#8243; _module_preset=&#8221;default&#8221; global_colors_info=&#8221;{}&#8221;][dvppl_cf7_styler cf7=&#8221;390&#8243; _builder_version=&#8221;4.21.0&#8243; _module_preset=&#8221;default&#8221; global_colors_info=&#8221;{}&#8221;][\/dvppl_cf7_styler][\/et_pb_column][\/et_pb_row][et_pb_row use_custom_gutter=&#8221;on&#8221; _builder_version=&#8221;4.20.4&#8243; _module_preset=&#8221;default&#8221; global_colors_info=&#8221;{}&#8221;][et_pb_column type=&#8221;4_4&#8243; _builder_version=&#8221;4.20.4&#8243; _module_preset=&#8221;default&#8221; global_colors_info=&#8221;{}&#8221;][et_pb_divider _builder_version=&#8221;4.20.4&#8243; _module_preset=&#8221;default&#8221; module_alignment=&#8221;center&#8221; global_colors_info=&#8221;{}&#8221;][\/et_pb_divider][\/et_pb_column][\/et_pb_row][et_pb_row column_structure=&#8221;1_5,1_5,1_5,1_5,1_5&#8243; _builder_version=&#8221;4.20.4&#8243; _module_preset=&#8221;default&#8221; global_colors_info=&#8221;{}&#8221;][et_pb_column type=&#8221;1_5&#8243; _builder_version=&#8221;4.20.4&#8243; _module_preset=&#8221;default&#8221; global_colors_info=&#8221;{}&#8221;][et_pb_image src=&#8221;https:\/\/arel.ro\/ro\/wp-content\/uploads\/2023\/07\/sonel_logo.png&#8221; alt=&#8221;https:\/\/sonel.pl\/en\/&#8221; title_text=&#8221;sonel_logo&#8221; url=&#8221;https:\/\/sonel.pl\/en\/&#8221; url_new_window=&#8221;on&#8221; align=&#8221;center&#8221; _builder_version=&#8221;4.20.4&#8243; _module_preset=&#8221;default&#8221; global_colors_info=&#8221;{}&#8221;][\/et_pb_image][\/et_pb_column][et_pb_column type=&#8221;1_5&#8243; _builder_version=&#8221;4.20.4&#8243; _module_preset=&#8221;default&#8221; global_colors_info=&#8221;{}&#8221;][et_pb_image src=&#8221;https:\/\/arel.ro\/ro\/wp-content\/uploads\/2023\/09\/universitatea-politehnica-timisoara.jpg&#8221; alt=&#8221;universitatea-politehnica-timisoara&#8221; title_text=&#8221;universitatea-politehnica-timisoara&#8221; url=&#8221;https:\/\/www.facebook.com\/instalatiitimisoara\/&#8221; url_new_window=&#8221;on&#8221; align=&#8221;center&#8221; _builder_version=&#8221;4.22.1&#8243; _module_preset=&#8221;default&#8221; global_colors_info=&#8221;{}&#8221;][\/et_pb_image][\/et_pb_column][et_pb_column type=&#8221;1_5&#8243; _builder_version=&#8221;4.20.4&#8243; _module_preset=&#8221;default&#8221; global_colors_info=&#8221;{}&#8221;][et_pb_image src=&#8221;https:\/\/arel.ro\/ro\/wp-content\/uploads\/2023\/07\/logo_electricianul_v1.jpg&#8221; alt=&#8221;https:\/\/www.electricianul.ro\/&#8221; title_text=&#8221;logo_electricianul_v1&#8243; url=&#8221;https:\/\/www.electricianul.ro\/&#8221; url_new_window=&#8221;on&#8221; align=&#8221;center&#8221; _builder_version=&#8221;4.20.4&#8243; _module_preset=&#8221;default&#8221; global_colors_info=&#8221;{}&#8221;][\/et_pb_image][\/et_pb_column][et_pb_column type=&#8221;1_5&#8243; _builder_version=&#8221;4.20.4&#8243; _module_preset=&#8221;default&#8221; global_colors_info=&#8221;{}&#8221;][et_pb_image src=&#8221;https:\/\/arel.ro\/ro\/wp-content\/uploads\/2023\/07\/evl-logo-subheader.png&#8221; alt=&#8221;https:\/\/www.eurovial.ro\/&#8221; title_text=&#8221;evl-logo-subheader&#8221; url=&#8221;https:\/\/www.eurovial.ro\/&#8221; url_new_window=&#8221;on&#8221; align=&#8221;center&#8221; _builder_version=&#8221;4.20.4&#8243; _module_preset=&#8221;default&#8221; global_colors_info=&#8221;{}&#8221;][\/et_pb_image][\/et_pb_column][et_pb_column type=&#8221;1_5&#8243; _builder_version=&#8221;4.20.4&#8243; _module_preset=&#8221;default&#8221; global_colors_info=&#8221;{}&#8221;][et_pb_image src=&#8221;https:\/\/arel.ro\/ro\/wp-content\/uploads\/2023\/07\/schneider_1.png&#8221; alt=&#8221;https:\/\/www.schneider-electric.info.ro\/&#8221; title_text=&#8221;schneider_1&#8243; url=&#8221;https:\/\/www.se.com\/ro\/ro\/&#8221; url_new_window=&#8221;on&#8221; align=&#8221;center&#8221; _builder_version=&#8221;4.21.0&#8243; _module_preset=&#8221;default&#8221; global_colors_info=&#8221;{}&#8221;][\/et_pb_image][\/et_pb_column][\/et_pb_row][et_pb_row column_structure=&#8221;1_6,1_6,1_6,1_6,1_6,1_6&#8243; use_custom_gutter=&#8221;on&#8221; _builder_version=&#8221;4.20.4&#8243; _module_preset=&#8221;default&#8221; background_size=&#8221;contain&#8221; global_colors_info=&#8221;{}&#8221;][et_pb_column type=&#8221;1_6&#8243; _builder_version=&#8221;4.20.4&#8243; _module_preset=&#8221;default&#8221; background_image=&#8221;https:\/\/arel.ro\/ro\/wp-content\/uploads\/2023\/07\/sonel_logo.png&#8221; link_option_url_new_window=&#8221;on&#8221; global_colors_info=&#8221;{}&#8221;][et_pb_image src=&#8221;https:\/\/arel.ro\/ro\/wp-content\/uploads\/2023\/07\/CONSOLIGHT-logo-blue-300&#215;148-1.jpg&#8221; alt=&#8221;https:\/\/consolight.ro\/website\/&#8221; title_text=&#8221;CONSOLIGHT-logo-blue-300&#215;148-1&#8243; url=&#8221;https:\/\/consolight.ro\/website\/&#8221; url_new_window=&#8221;on&#8221; align=&#8221;center&#8221; _builder_version=&#8221;4.20.4&#8243; _module_preset=&#8221;default&#8221; global_colors_info=&#8221;{}&#8221;][\/et_pb_image][\/et_pb_column][et_pb_column type=&#8221;1_6&#8243; _builder_version=&#8221;4.20.4&#8243; _module_preset=&#8221;default&#8221; global_colors_info=&#8221;{}&#8221;][et_pb_image src=&#8221;https:\/\/arel.ro\/ro\/wp-content\/uploads\/2023\/07\/eaton-logo-small-150&#215;57-1.png&#8221; alt=&#8221;https:\/\/www.eaton.com\/ro\/ro-ro.html&#8221; title_text=&#8221;eaton-logo-small-150&#215;57&#8243; url=&#8221;https:\/\/www.eaton.com\/ro\/ro-ro.html&#8221; url_new_window=&#8221;on&#8221; align=&#8221;center&#8221; _builder_version=&#8221;4.20.4&#8243; _module_preset=&#8221;default&#8221; global_colors_info=&#8221;{}&#8221;][\/et_pb_image][\/et_pb_column][et_pb_column type=&#8221;1_6&#8243; _builder_version=&#8221;4.20.4&#8243; _module_preset=&#8221;default&#8221; global_colors_info=&#8221;{}&#8221;][et_pb_image src=&#8221;https:\/\/arel.ro\/ro\/wp-content\/uploads\/2023\/07\/smartsoft-1.jpg&#8221; alt=&#8221;https:\/\/www.smarsoft.ro\/&#8221; title_text=&#8221;smartsoft-1&#8243; url=&#8221;https:\/\/www.smarsoft.ro\/&#8221; url_new_window=&#8221;on&#8221; align=&#8221;center&#8221; _builder_version=&#8221;4.20.4&#8243; _module_preset=&#8221;default&#8221; global_colors_info=&#8221;{}&#8221;][\/et_pb_image][\/et_pb_column][et_pb_column type=&#8221;1_6&#8243; _builder_version=&#8221;4.20.4&#8243; _module_preset=&#8221;default&#8221; global_colors_info=&#8221;{}&#8221;][et_pb_image src=&#8221;https:\/\/arel.ro\/ro\/wp-content\/uploads\/2023\/07\/logo_recolamp_partener.jpg&#8221; alt=&#8221;https:\/\/recolamp.ro\/&#8221; title_text=&#8221;logo_recolamp_partener&#8221; url=&#8221;https:\/\/recolamp.ro\/&#8221; url_new_window=&#8221;on&#8221; align=&#8221;center&#8221; _builder_version=&#8221;4.20.4&#8243; _module_preset=&#8221;default&#8221; global_colors_info=&#8221;{}&#8221;][\/et_pb_image][\/et_pb_column][et_pb_column type=&#8221;1_6&#8243; _builder_version=&#8221;4.20.4&#8243; _module_preset=&#8221;default&#8221; global_colors_info=&#8221;{}&#8221;][et_pb_image src=&#8221;https:\/\/arel.ro\/ro\/wp-content\/uploads\/2023\/07\/logo-euroexpo.jpg&#8221; alt=&#8221;https:\/\/www.euroexpo.ro\/&#8221; title_text=&#8221;logo-euroexpo&#8221; url=&#8221;https:\/\/www.euroexpo.ro\/&#8221; url_new_window=&#8221;on&#8221; align=&#8221;center&#8221; _builder_version=&#8221;4.20.4&#8243; _module_preset=&#8221;default&#8221; global_colors_info=&#8221;{}&#8221;][\/et_pb_image][\/et_pb_column][et_pb_column type=&#8221;1_6&#8243; _builder_version=&#8221;4.20.4&#8243; _module_preset=&#8221;default&#8221; global_colors_info=&#8221;{}&#8221;][et_pb_image src=&#8221;https:\/\/arel.ro\/ro\/wp-content\/uploads\/2023\/11\/afor_ro.png&#8221; alt=&#8221;https:\/\/afor.ro\/&#8221; title_text=&#8221;afor_ro&#8221; url=&#8221;https:\/\/afor.ro\/&#8221; url_new_window=&#8221;on&#8221; align=&#8221;center&#8221; _builder_version=&#8221;4.22.2&#8243; _module_preset=&#8221;default&#8221; background_color=&#8221;#FFFFFF&#8221; background_enable_image=&#8221;off&#8221; background_size=&#8221;contain&#8221; min_height=&#8221;33px&#8221; locked=&#8221;off&#8221; global_colors_info=&#8221;{}&#8221;][\/et_pb_image][\/et_pb_column][\/et_pb_row][\/et_pb_section][et_pb_section fb_built=&#8221;1&#8243; _builder_version=&#8221;4.22.1&#8243; _module_preset=&#8221;default&#8221; locked=&#8221;off&#8221; global_colors_info=&#8221;{}&#8221;][et_pb_row column_structure=&#8221;1_4,1_4,1_4,1_4&#8243; _builder_version=&#8221;4.22.1&#8243; _module_preset=&#8221;default&#8221; global_colors_info=&#8221;{}&#8221;][et_pb_column type=&#8221;1_4&#8243; _builder_version=&#8221;4.22.1&#8243; _module_preset=&#8221;default&#8221; global_colors_info=&#8221;{}&#8221;][\/et_pb_column][et_pb_column type=&#8221;1_4&#8243; _builder_version=&#8221;4.22.1&#8243; _module_preset=&#8221;default&#8221; global_colors_info=&#8221;{}&#8221;][\/et_pb_column][et_pb_column type=&#8221;1_4&#8243; _builder_version=&#8221;4.22.1&#8243; _module_preset=&#8221;default&#8221; global_colors_info=&#8221;{}&#8221;][et_pb_blurb title=&#8221;Solutionarea litigiilor ANPC&#8221; url=&#8221;https:\/\/anpc.ro\/ce-este-sal\/&#8221; url_new_window=&#8221;on&#8221; image=&#8221;https:\/\/arel.ro\/ro\/wp-content\/uploads\/2023\/08\/B_ANPC-Te-Respecta-RO-1b.jpg&#8221; alt=&#8221;ANPC&#8221; _builder_version=&#8221;4.22.1&#8243; _module_preset=&#8221;default&#8221; global_colors_info=&#8221;{}&#8221;]<\/p>\n<p>Solutionarea litigiilor ANPC<\/p>\n<p>[\/et_pb_blurb][\/et_pb_column][et_pb_column type=&#8221;1_4&#8243; _builder_version=&#8221;4.22.1&#8243; _module_preset=&#8221;default&#8221; global_colors_info=&#8221;{}&#8221;][et_pb_blurb title=&#8221;Solutionarea litigiilor Comisia Europeana&#8221; url=&#8221;https:\/\/ec.europa.eu\/consumers\/odr\/main\/?event=main.home2.show&#8221; url_new_window=&#8221;on&#8221; image=&#8221;https:\/\/arel.ro\/ro\/wp-content\/uploads\/2023\/08\/logo-ec-mute-1b.jpg&#8221; alt=&#8221;Solutionarea litigiilor Comisia Europeana&#8221; _builder_version=&#8221;4.22.1&#8243; _module_preset=&#8221;default&#8221; link_option_url=&#8221;https:\/\/ec.europa.eu\/consumers\/odr\/main\/?event=main.home2.show&#8221; link_option_url_new_window=&#8221;on&#8221; global_colors_info=&#8221;{}&#8221;]<\/p>\n<p>Solutionarea litigiilor Comisia Europeana<\/p>\n<p>[\/et_pb_blurb][\/et_pb_column][\/et_pb_row][\/et_pb_section]<\/p>\n","protected":false},"excerpt":{"rendered":"<p>Comanda acum online exemplarul tau NORMATIV I7-2011 in format tiparit A4!Asociatia Romana a Electricienilor C.I.F. 23941710 ; Reg. Asoc. si Fundati nr. 22\/08.05.2008 Sediu: Bucuresti sect.4, str.Padesu, nr.16, bl.15, sc.A, et.7, ap.29, Of .Pttr. 61, cod 41346 Punct de lucru: Centrul Incubator de Afaceri, Bucuresti, sect.4, Sos.Oltenitei, nr 225A. Tel:0722622697 \/ 0744544886, Fax :0318170639. Site [&hellip;]<\/p>\n","protected":false},"author":1,"featured_media":0,"parent":0,"menu_order":0,"comment_status":"closed","ping_status":"closed","template":"page-template-blank.php","meta":{"_et_pb_use_builder":"on","_et_pb_old_content":"","_et_gb_content_width":"","footnotes":""},"class_list":["post-439","page","type-page","status-publish","hentry"],"_links":{"self":[{"href":"https:\/\/arel.ro\/ro\/wp-json\/wp\/v2\/pages\/439","targetHints":{"allow":["GET"]}}],"collection":[{"href":"https:\/\/arel.ro\/ro\/wp-json\/wp\/v2\/pages"}],"about":[{"href":"https:\/\/arel.ro\/ro\/wp-json\/wp\/v2\/types\/page"}],"author":[{"embeddable":true,"href":"https:\/\/arel.ro\/ro\/wp-json\/wp\/v2\/users\/1"}],"replies":[{"embeddable":true,"href":"https:\/\/arel.ro\/ro\/wp-json\/wp\/v2\/comments?post=439"}],"version-history":[{"count":21,"href":"https:\/\/arel.ro\/ro\/wp-json\/wp\/v2\/pages\/439\/revisions"}],"predecessor-version":[{"id":2068,"href":"https:\/\/arel.ro\/ro\/wp-json\/wp\/v2\/pages\/439\/revisions\/2068"}],"wp:attachment":[{"href":"https:\/\/arel.ro\/ro\/wp-json\/wp\/v2\/media?parent=439"}],"curies":[{"name":"wp","href":"https:\/\/api.w.org\/{rel}","templated":true}]}}