{"id":246,"date":"2023-07-17T08:07:46","date_gmt":"2023-07-17T08:07:46","guid":{"rendered":"https:\/\/arel.ro\/ro\/?page_id=246"},"modified":"2023-11-07T17:43:33","modified_gmt":"2023-11-07T15:43:33","slug":"despre-noi-prezentare-arel","status":"publish","type":"page","link":"https:\/\/arel.ro\/ro\/despre-noi-prezentare-arel\/","title":{"rendered":"Prezentare AREL"},"content":{"rendered":"<p>[et_pb_section fb_built=&#8221;1&#8243; _builder_version=&#8221;4.20.4&#8243; _module_preset=&#8221;default&#8221; global_colors_info=&#8221;{}&#8221;][et_pb_row use_custom_gutter=&#8221;on&#8221; _builder_version=&#8221;4.20.4&#8243; _module_preset=&#8221;default&#8221; global_colors_info=&#8221;{}&#8221;][et_pb_column type=&#8221;4_4&#8243; _builder_version=&#8221;4.20.4&#8243; _module_preset=&#8221;default&#8221; global_colors_info=&#8221;{}&#8221;][et_pb_menu logo=&#8221;https:\/\/arel.ro\/ro\/wp-content\/uploads\/2023\/07\/arel_logo_meniu.png&#8221; logo_url=&#8221;https:\/\/arel.ro\/ro\/&#8221; _builder_version=&#8221;4.21.0&#8243; _module_preset=&#8221;default&#8221; global_colors_info=&#8221;{}&#8221;][\/et_pb_menu][et_pb_divider _builder_version=&#8221;4.20.4&#8243; _module_preset=&#8221;default&#8221; module_alignment=&#8221;center&#8221; global_colors_info=&#8221;{}&#8221;][\/et_pb_divider][\/et_pb_column][\/et_pb_row][et_pb_row _builder_version=&#8221;4.21.0&#8243; _module_preset=&#8221;default&#8221; global_colors_info=&#8221;{}&#8221;][et_pb_column type=&#8221;4_4&#8243; _builder_version=&#8221;4.21.0&#8243; _module_preset=&#8221;default&#8221; global_colors_info=&#8221;{}&#8221;][et_pb_text _builder_version=&#8221;4.21.0&#8243; _module_preset=&#8221;default&#8221; global_colors_info=&#8221;{}&#8221;]<\/p>\n<p><strong>Asocia\u0163ia Rom\u00e2n\u0103 a Electricienilor &#8211; AREL<\/strong><\/p>\n<p style=\"text-align: justify;\">AREL a luat fiinta in 2008 si are ca obiectiv perfectionarea continua a membrilor sai, obiectiv concretizat pana in prezent prin ateliere electrice si cursuri de perfectionare realizate in parteneriat cu mari firme producatoare sau distribuitoare de echipament electric prezente pe piata romaneasca. <strong>AREL<\/strong> are filiale judetene in intreaga tara si joaca un rol important in formarea si dezvoltarea profesionala a fortei de munca din domeniul instalatiilor electrice de la noi.<\/p>\n<p>&nbsp;<\/p>\n<p><span style=\"text-decoration: underline;\"><strong>Obiectivele AREL<\/strong><\/span><\/p>\n<p style=\"text-align: justify;\">-AREL este dedicata sprijinirii membrilor sai in pregatirea si perfectionarea tehnico-profesionala, conform standardelor profesionale europene de profil;<\/p>\n<p style=\"text-align: justify;\">-AREL reprezinta interesele profesionale ale membrilor sai in relatiile cu institutiile de stat cu atributii in domeniu, cu alte asociatii profesionale si organizatii sindicale;<\/p>\n<p style=\"text-align: justify;\">-AREL combate sub toate formele lucrarile electrice executate de personal necalificat si neprofesionist;<\/p>\n<p style=\"text-align: justify;\">-AREL sustine campanii de constientizare a populatiei asupra riscurilor la care se expune prin nerespectarea cerintelor de electrosecuritate impuse de normativele si legislatia in vigoare;<\/p>\n<p style=\"text-align: justify;\">-AREL organizeaza reuniuni si simpozioane, pe teme de interes pentru membri, inclusiv prin participari internationale;<\/p>\n<p style=\"text-align: justify;\">-AREL promoveaza initiative legislative in vederea reglementarii prin normative tehnice a activitatilor din domeniul electric;<\/p>\n<p style=\"text-align: justify;\">-AREL a autorizat la ANC (CNFPA) cursurile de perfectionare \u201eElectrician in constructii\u201d si \u201eMontator de instalatii fotovoltaice solare\u201d, iar la ANRE \u201eCursul de pregatire in vederea autorizarii\/reautorizarii electricienilor, verificatorilor de proiecte, responsabililor tehnici cu executia, precum si a expertilor tehnici de calitate si extrajudiciari in domeniul instalatiilor electrice\u201d.<\/p>\n<p>[\/et_pb_text][\/et_pb_column][\/et_pb_row][et_pb_row use_custom_gutter=&#8221;on&#8221; _builder_version=&#8221;4.20.4&#8243; _module_preset=&#8221;default&#8221; global_colors_info=&#8221;{}&#8221;][et_pb_column type=&#8221;4_4&#8243; _builder_version=&#8221;4.20.4&#8243; _module_preset=&#8221;default&#8221; global_colors_info=&#8221;{}&#8221;][et_pb_divider _builder_version=&#8221;4.20.4&#8243; _module_preset=&#8221;default&#8221; module_alignment=&#8221;center&#8221; global_colors_info=&#8221;{}&#8221;][\/et_pb_divider][\/et_pb_column][\/et_pb_row][et_pb_row column_structure=&#8221;1_5,1_5,1_5,1_5,1_5&#8243; _builder_version=&#8221;4.20.4&#8243; _module_preset=&#8221;default&#8221; global_colors_info=&#8221;{}&#8221;][et_pb_column type=&#8221;1_5&#8243; _builder_version=&#8221;4.20.4&#8243; _module_preset=&#8221;default&#8221; global_colors_info=&#8221;{}&#8221;][et_pb_image src=&#8221;https:\/\/arel.ro\/ro\/wp-content\/uploads\/2023\/07\/sonel_logo.png&#8221; alt=&#8221;https:\/\/sonel.pl\/en\/&#8221; title_text=&#8221;sonel_logo&#8221; url=&#8221;https:\/\/sonel.pl\/en\/&#8221; url_new_window=&#8221;on&#8221; align=&#8221;center&#8221; _builder_version=&#8221;4.20.4&#8243; _module_preset=&#8221;default&#8221; global_colors_info=&#8221;{}&#8221;][\/et_pb_image][\/et_pb_column][et_pb_column type=&#8221;1_5&#8243; _builder_version=&#8221;4.20.4&#8243; _module_preset=&#8221;default&#8221; global_colors_info=&#8221;{}&#8221;][et_pb_image src=&#8221;https:\/\/arel.ro\/ro\/wp-content\/uploads\/2023\/09\/universitatea-politehnica-timisoara.jpg&#8221; alt=&#8221;universitatea-politehnica-timisoara&#8221; title_text=&#8221;universitatea-politehnica-timisoara&#8221; url=&#8221;https:\/\/www.facebook.com\/instalatiitimisoara\/&#8221; url_new_window=&#8221;on&#8221; align=&#8221;center&#8221; _builder_version=&#8221;4.22.1&#8243; _module_preset=&#8221;default&#8221; global_colors_info=&#8221;{}&#8221;][\/et_pb_image][\/et_pb_column][et_pb_column type=&#8221;1_5&#8243; _builder_version=&#8221;4.20.4&#8243; _module_preset=&#8221;default&#8221; global_colors_info=&#8221;{}&#8221;][et_pb_image src=&#8221;https:\/\/arel.ro\/ro\/wp-content\/uploads\/2023\/07\/logo_electricianul_v1.jpg&#8221; alt=&#8221;https:\/\/www.electricianul.ro\/&#8221; title_text=&#8221;logo_electricianul_v1&#8243; url=&#8221;https:\/\/www.electricianul.ro\/&#8221; url_new_window=&#8221;on&#8221; align=&#8221;center&#8221; _builder_version=&#8221;4.20.4&#8243; _module_preset=&#8221;default&#8221; global_colors_info=&#8221;{}&#8221;][\/et_pb_image][\/et_pb_column][et_pb_column type=&#8221;1_5&#8243; _builder_version=&#8221;4.20.4&#8243; _module_preset=&#8221;default&#8221; global_colors_info=&#8221;{}&#8221;][et_pb_image src=&#8221;https:\/\/arel.ro\/ro\/wp-content\/uploads\/2023\/07\/evl-logo-subheader.png&#8221; alt=&#8221;https:\/\/www.eurovial.ro\/&#8221; title_text=&#8221;evl-logo-subheader&#8221; url=&#8221;https:\/\/www.eurovial.ro\/&#8221; url_new_window=&#8221;on&#8221; align=&#8221;center&#8221; _builder_version=&#8221;4.20.4&#8243; _module_preset=&#8221;default&#8221; global_colors_info=&#8221;{}&#8221;][\/et_pb_image][\/et_pb_column][et_pb_column type=&#8221;1_5&#8243; _builder_version=&#8221;4.20.4&#8243; _module_preset=&#8221;default&#8221; global_colors_info=&#8221;{}&#8221;][et_pb_image src=&#8221;https:\/\/arel.ro\/ro\/wp-content\/uploads\/2023\/07\/schneider_1.png&#8221; alt=&#8221;https:\/\/www.schneider-electric.info.ro\/&#8221; title_text=&#8221;schneider_1&#8243; url=&#8221;https:\/\/www.se.com\/ro\/ro\/&#8221; url_new_window=&#8221;on&#8221; align=&#8221;center&#8221; _builder_version=&#8221;4.21.0&#8243; _module_preset=&#8221;default&#8221; global_colors_info=&#8221;{}&#8221;][\/et_pb_image][\/et_pb_column][\/et_pb_row][et_pb_row column_structure=&#8221;1_6,1_6,1_6,1_6,1_6,1_6&#8243; use_custom_gutter=&#8221;on&#8221; _builder_version=&#8221;4.20.4&#8243; _module_preset=&#8221;default&#8221; background_size=&#8221;contain&#8221; global_colors_info=&#8221;{}&#8221;][et_pb_column type=&#8221;1_6&#8243; _builder_version=&#8221;4.20.4&#8243; _module_preset=&#8221;default&#8221; background_image=&#8221;https:\/\/arel.ro\/ro\/wp-content\/uploads\/2023\/07\/sonel_logo.png&#8221; link_option_url_new_window=&#8221;on&#8221; global_colors_info=&#8221;{}&#8221;][et_pb_image src=&#8221;https:\/\/arel.ro\/ro\/wp-content\/uploads\/2023\/07\/CONSOLIGHT-logo-blue-300&#215;148-1.jpg&#8221; alt=&#8221;https:\/\/consolight.ro\/website\/&#8221; title_text=&#8221;CONSOLIGHT-logo-blue-300&#215;148-1&#8243; url=&#8221;https:\/\/consolight.ro\/website\/&#8221; url_new_window=&#8221;on&#8221; align=&#8221;center&#8221; _builder_version=&#8221;4.20.4&#8243; _module_preset=&#8221;default&#8221; global_colors_info=&#8221;{}&#8221;][\/et_pb_image][\/et_pb_column][et_pb_column type=&#8221;1_6&#8243; _builder_version=&#8221;4.20.4&#8243; _module_preset=&#8221;default&#8221; global_colors_info=&#8221;{}&#8221;][et_pb_image src=&#8221;https:\/\/arel.ro\/ro\/wp-content\/uploads\/2023\/07\/eaton-logo-small-150&#215;57-1.png&#8221; alt=&#8221;https:\/\/www.eaton.com\/ro\/ro-ro.html&#8221; title_text=&#8221;eaton-logo-small-150&#215;57&#8243; url=&#8221;https:\/\/www.eaton.com\/ro\/ro-ro.html&#8221; url_new_window=&#8221;on&#8221; align=&#8221;center&#8221; _builder_version=&#8221;4.20.4&#8243; _module_preset=&#8221;default&#8221; global_colors_info=&#8221;{}&#8221;][\/et_pb_image][\/et_pb_column][et_pb_column type=&#8221;1_6&#8243; _builder_version=&#8221;4.20.4&#8243; _module_preset=&#8221;default&#8221; global_colors_info=&#8221;{}&#8221;][et_pb_image src=&#8221;https:\/\/arel.ro\/ro\/wp-content\/uploads\/2023\/07\/smartsoft-1.jpg&#8221; alt=&#8221;https:\/\/www.smarsoft.ro\/&#8221; title_text=&#8221;smartsoft-1&#8243; url=&#8221;https:\/\/www.smarsoft.ro\/&#8221; url_new_window=&#8221;on&#8221; align=&#8221;center&#8221; _builder_version=&#8221;4.20.4&#8243; _module_preset=&#8221;default&#8221; global_colors_info=&#8221;{}&#8221;][\/et_pb_image][\/et_pb_column][et_pb_column type=&#8221;1_6&#8243; _builder_version=&#8221;4.20.4&#8243; _module_preset=&#8221;default&#8221; global_colors_info=&#8221;{}&#8221;][et_pb_image src=&#8221;https:\/\/arel.ro\/ro\/wp-content\/uploads\/2023\/07\/logo_recolamp_partener.jpg&#8221; alt=&#8221;https:\/\/recolamp.ro\/&#8221; title_text=&#8221;logo_recolamp_partener&#8221; url=&#8221;https:\/\/recolamp.ro\/&#8221; url_new_window=&#8221;on&#8221; align=&#8221;center&#8221; _builder_version=&#8221;4.20.4&#8243; _module_preset=&#8221;default&#8221; global_colors_info=&#8221;{}&#8221;][\/et_pb_image][\/et_pb_column][et_pb_column type=&#8221;1_6&#8243; _builder_version=&#8221;4.20.4&#8243; _module_preset=&#8221;default&#8221; global_colors_info=&#8221;{}&#8221;][et_pb_image src=&#8221;https:\/\/arel.ro\/ro\/wp-content\/uploads\/2023\/07\/logo-euroexpo.jpg&#8221; alt=&#8221;https:\/\/www.euroexpo.ro\/&#8221; title_text=&#8221;logo-euroexpo&#8221; url=&#8221;https:\/\/www.euroexpo.ro\/&#8221; url_new_window=&#8221;on&#8221; align=&#8221;center&#8221; _builder_version=&#8221;4.20.4&#8243; _module_preset=&#8221;default&#8221; global_colors_info=&#8221;{}&#8221;][\/et_pb_image][\/et_pb_column][et_pb_column type=&#8221;1_6&#8243; _builder_version=&#8221;4.20.4&#8243; _module_preset=&#8221;default&#8221; global_colors_info=&#8221;{}&#8221;][et_pb_image src=&#8221;https:\/\/arel.ro\/ro\/wp-content\/uploads\/2023\/11\/afor_ro.png&#8221; alt=&#8221;https:\/\/afor.ro\/&#8221; title_text=&#8221;afor_ro&#8221; url=&#8221;https:\/\/afor.ro\/&#8221; url_new_window=&#8221;on&#8221; align=&#8221;center&#8221; _builder_version=&#8221;4.22.2&#8243; _module_preset=&#8221;default&#8221; hover_enabled=&#8221;0&#8243; global_colors_info=&#8221;{}&#8221; background_size=&#8221;contain&#8221; sticky_enabled=&#8221;0&#8243; min_height=&#8221;33px&#8221; background_enable_image=&#8221;off&#8221; background_color=&#8221;#FFFFFF&#8221; locked=&#8221;off&#8221;][\/et_pb_image][\/et_pb_column][\/et_pb_row][\/et_pb_section][et_pb_section fb_built=&#8221;1&#8243; _builder_version=&#8221;4.22.1&#8243; _module_preset=&#8221;default&#8221; locked=&#8221;off&#8221; global_colors_info=&#8221;{}&#8221;][et_pb_row column_structure=&#8221;1_4,1_4,1_4,1_4&#8243; _builder_version=&#8221;4.22.1&#8243; _module_preset=&#8221;default&#8221; global_colors_info=&#8221;{}&#8221;][et_pb_column type=&#8221;1_4&#8243; _builder_version=&#8221;4.22.1&#8243; _module_preset=&#8221;default&#8221; global_colors_info=&#8221;{}&#8221;][\/et_pb_column][et_pb_column type=&#8221;1_4&#8243; _builder_version=&#8221;4.22.1&#8243; _module_preset=&#8221;default&#8221; global_colors_info=&#8221;{}&#8221;][\/et_pb_column][et_pb_column type=&#8221;1_4&#8243; _builder_version=&#8221;4.22.1&#8243; _module_preset=&#8221;default&#8221; global_colors_info=&#8221;{}&#8221;][et_pb_blurb title=&#8221;Solutionarea litigiilor ANPC&#8221; url=&#8221;https:\/\/anpc.ro\/ce-este-sal\/&#8221; url_new_window=&#8221;on&#8221; image=&#8221;https:\/\/arel.ro\/ro\/wp-content\/uploads\/2023\/08\/B_ANPC-Te-Respecta-RO-1b.jpg&#8221; alt=&#8221;ANPC&#8221; _builder_version=&#8221;4.22.1&#8243; _module_preset=&#8221;default&#8221; global_colors_info=&#8221;{}&#8221;]<\/p>\n<p>Solutionarea litigiilor ANPC<\/p>\n<p>[\/et_pb_blurb][\/et_pb_column][et_pb_column type=&#8221;1_4&#8243; _builder_version=&#8221;4.22.1&#8243; _module_preset=&#8221;default&#8221; global_colors_info=&#8221;{}&#8221;][et_pb_blurb title=&#8221;Solutionarea litigiilor Comisia Europeana&#8221; url=&#8221;https:\/\/ec.europa.eu\/consumers\/odr\/main\/?event=main.home2.show&#8221; url_new_window=&#8221;on&#8221; image=&#8221;https:\/\/arel.ro\/ro\/wp-content\/uploads\/2023\/08\/logo-ec-mute-1b.jpg&#8221; alt=&#8221;Solutionarea litigiilor Comisia Europeana&#8221; _builder_version=&#8221;4.22.1&#8243; _module_preset=&#8221;default&#8221; link_option_url=&#8221;https:\/\/ec.europa.eu\/consumers\/odr\/main\/?event=main.home2.show&#8221; link_option_url_new_window=&#8221;on&#8221; global_colors_info=&#8221;{}&#8221;]<\/p>\n<p>Solutionarea litigiilor Comisia Europeana<\/p>\n<p>[\/et_pb_blurb][\/et_pb_column][\/et_pb_row][\/et_pb_section]<\/p>\n","protected":false},"excerpt":{"rendered":"<p>Asocia\u0163ia Rom\u00e2n\u0103 a Electricienilor &#8211; AREL AREL a luat fiinta in 2008 si are ca obiectiv perfectionarea continua a membrilor sai, obiectiv concretizat pana in prezent prin ateliere electrice si cursuri de perfectionare realizate in parteneriat cu mari firme producatoare sau distribuitoare de echipament electric prezente pe piata romaneasca. AREL are filiale judetene in intreaga [&hellip;]<\/p>\n","protected":false},"author":1,"featured_media":0,"parent":0,"menu_order":0,"comment_status":"closed","ping_status":"closed","template":"page-template-blank.php","meta":{"_et_pb_use_builder":"on","_et_pb_old_content":"","_et_gb_content_width":"","footnotes":""},"class_list":["post-246","page","type-page","status-publish","hentry"],"_links":{"self":[{"href":"https:\/\/arel.ro\/ro\/wp-json\/wp\/v2\/pages\/246","targetHints":{"allow":["GET"]}}],"collection":[{"href":"https:\/\/arel.ro\/ro\/wp-json\/wp\/v2\/pages"}],"about":[{"href":"https:\/\/arel.ro\/ro\/wp-json\/wp\/v2\/types\/page"}],"author":[{"embeddable":true,"href":"https:\/\/arel.ro\/ro\/wp-json\/wp\/v2\/users\/1"}],"replies":[{"embeddable":true,"href":"https:\/\/arel.ro\/ro\/wp-json\/wp\/v2\/comments?post=246"}],"version-history":[{"count":7,"href":"https:\/\/arel.ro\/ro\/wp-json\/wp\/v2\/pages\/246\/revisions"}],"predecessor-version":[{"id":931,"href":"https:\/\/arel.ro\/ro\/wp-json\/wp\/v2\/pages\/246\/revisions\/931"}],"wp:attachment":[{"href":"https:\/\/arel.ro\/ro\/wp-json\/wp\/v2\/media?parent=246"}],"curies":[{"name":"wp","href":"https:\/\/api.w.org\/{rel}","templated":true}]}}